{"id":16792,"date":"2020-09-23T23:53:48","date_gmt":"2020-09-23T23:53:48","guid":{"rendered":"http:\/\/backimonostor.rs\/?page_id=16792"},"modified":"2024-07-07T23:41:25","modified_gmt":"2024-07-07T23:41:25","slug":"stari-zanati","status":"publish","type":"page","link":"http:\/\/backimonostor.rs\/?page_id=16792","title":{"rendered":"Priroda"},"content":{"rendered":"<div class=\"wp-block-image is-style-default\">\n<figure class=\"aligncenter size-large is-resized\"><img loading=\"lazy\" decoding=\"async\" width=\"683\" height=\"1024\" src=\"http:\/\/backimonostor.rs\/wp-content\/uploads\/2020\/12\/FB_IMG_1539796143221-683x1024.jpg\" alt=\"\" class=\"wp-image-16939\" style=\"width:382px;height:572px\" srcset=\"http:\/\/backimonostor.rs\/wp-content\/uploads\/2020\/12\/FB_IMG_1539796143221-683x1024.jpg 683w, http:\/\/backimonostor.rs\/wp-content\/uploads\/2020\/12\/FB_IMG_1539796143221-200x300.jpg 200w, http:\/\/backimonostor.rs\/wp-content\/uploads\/2020\/12\/FB_IMG_1539796143221.jpg 720w\" sizes=\"(max-width: 683px) 100vw, 683px\" \/><\/figure><\/div>\n\n\n<p>Posebnu vrednost prirodnog okru\u017eenja Ba\u010dkog Mono\u0161tora predstavlja Mono\u0161torski rit, koji se prostire od mosta na Dunavu kod Batine do Apatina i obuhvata povr\u0161inu od 6.849 hektara. Ovo podru\u010dje je oduvek imalo poseban status, od nekada\u0161njih carskih lovi\u0161ta, pa do danas. U sklopu njega nalaze se i dve lova\u010dke ku\u0107e \u2013 Titove vile, koje je Tito \u010desto pose\u0107ivao.<\/p>\n\n\n\n<p>Osim ritskih \u0161uma ovde se nalaze i dunavski rukavci, kanali, ade i adice, mo\u010dvare, bare, tr\u0161\u0107aci, \u0161evari i vla\u017ene livade. Rit je deo Specijalnog rezervata prirode \u201cGornje Podunavlje\u201d, koji se prostire na ukupno 19.605 hektara i od 2017. g. ima status UNESCO Rezervata biosfere \u201eBa\u010dko Podunavlje\u201c.<\/p>\n\n\n\n<figure class=\"wp-block-embed is-type-video is-provider-youtube wp-block-embed-youtube wp-embed-aspect-16-9 wp-has-aspect-ratio\"><div class=\"wp-block-embed__wrapper\">\n<iframe loading=\"lazy\" title=\"GORNJE PODUNAVLJE PROMO\" width=\"640\" height=\"360\" src=\"https:\/\/www.youtube.com\/embed\/a6zwMsubOAI?start=48&#038;feature=oembed\" frameborder=\"0\" allow=\"accelerometer; autoplay; clipboard-write; encrypted-media; gyroscope; picture-in-picture; web-share\" referrerpolicy=\"strict-origin-when-cross-origin\" allowfullscreen><\/iframe>\n<\/div><\/figure>\n\n\n\n<p>U ovom rezervatu, sa preko hiljadu biljnih vrsta, danas \u017eivi i raznovrstan \u017eivotinjski svet \u2013 51 vrsta sisara (<strong>stani\u0161te je najve\u0107e populacije ritskog jelena u na\u0161oj zemlji<\/strong>, a osim toga, ovde \u017eive i srne, divlje svinje, lisice, ze\u010devi, veverice, tekunice, divlje ma\u010dke, \u0161akali\u2026), 248 vrsta ptica (me\u0111u njima <strong>orao belorepan i crna roda<\/strong>, kao i labudovi, rode, \u010daplje, divlje patke, fazani i jarebice), 50 vrsta riba (\u0161aran, \u0161tuka, smu\u0111, som, terpan, crvenperka, karas i razna bela riba), 11 vrsta vodozemaca, devet vrsta gmizavaca i 60 vrsta dnevnih leptira.<\/p>\n\n\n\n<figure class=\"wp-block-embed is-type-video is-provider-youtube wp-block-embed-youtube wp-embed-aspect-4-3 wp-has-aspect-ratio\"><div class=\"wp-block-embed__wrapper\">\n<iframe loading=\"lazy\" title=\"\u017diveti sa prirodom - Living With Nature\" width=\"640\" height=\"480\" src=\"https:\/\/www.youtube.com\/embed\/KNhnJNzR1Bw?feature=oembed\" frameborder=\"0\" allow=\"accelerometer; autoplay; clipboard-write; encrypted-media; gyroscope; picture-in-picture; web-share\" referrerpolicy=\"strict-origin-when-cross-origin\" allowfullscreen><\/iframe>\n<\/div><\/figure>\n\n\n\n<p>Ovo prirodno bogatstvo uskoro \u0107e postati deo velikog prekograni\u010dnog Rezervata biosfere \u201eMura \u2013 Drava \u2013 Dunav\u201c, koji je jedinstven u celom svetu, a obuhvata o\u010duvana prirodna dobra oko ovih reka, uklju\u010duju\u0107i pet zemalja \u2013 Austrija, Ma\u0111arska, Slovenija, Hrvatska i Srbija.<\/p>\n\n\n\n<p>\u0160ume i vode oblikovale su na\u010din \u017eivota stanovnika Mono\u0161tora, pa su odredile i osnovna zanimanja ljudi u ovom selu. Osnovni materijal za sva ova zanimanja uziman je iz prirode, ali vode\u0107i ra\u010duna o stepenu eksploatacije i odr\u017eivosti.<\/p>\n\n\n\n<p>Tako danas jo\u0161 uvek u Mono\u0161toru imamo zanatlije koji se bave izradom mre\u017ea i drugih ribarskih alata, drvenih \u010damaca i vesala, izradom \u0161tukatura i druge galanterije od trske, korpi od pru\u0107a, unikatnih delova name\u0161taja od drveta, duborezom, torbi \u201ecekera\u201c od rogoza, potkivanjem konja, izradom asura i prostirki od rogoza, drvenih klompi, tkanjem krpara, drugih prostirki, zavesa, torbi na razboju, izradom \u0161oka\u010dke no\u0161nje, vezom, pletenjem \u2026<\/p>\n\n\n\n<figure class=\"wp-block-embed is-type-video is-provider-youtube wp-block-embed-youtube wp-embed-aspect-16-9 wp-has-aspect-ratio\"><div class=\"wp-block-embed__wrapper\">\n<iframe loading=\"lazy\" title=\"GORNJE PODUNAVLJE Zaboravljeno lice dunava\" width=\"640\" height=\"360\" src=\"https:\/\/www.youtube.com\/embed\/_Trdt7dE72Y?feature=oembed\" frameborder=\"0\" allow=\"accelerometer; autoplay; clipboard-write; encrypted-media; gyroscope; picture-in-picture; web-share\" referrerpolicy=\"strict-origin-when-cross-origin\" allowfullscreen><\/iframe>\n<\/div><\/figure>\n","protected":false},"excerpt":{"rendered":"<p>Posebnu vrednost prirodnog okru\u017eenja Ba\u010dkog Mono\u0161tora predstavlja Mono\u0161torski rit, koji se prostire od mosta na Dunavu kod Batine do Apatina i obuhvata povr\u0161inu od 6.849 hektara. Ovo podru\u010dje je oduvek imalo poseban status, od nekada\u0161njih carskih lovi\u0161ta, pa do danas. U sklopu njega nalaze se i dve lova\u010dke ku\u0107e \u2013 Titove vile, koje je Tito [&hellip;]<\/p>\n","protected":false},"author":1,"featured_media":0,"parent":0,"menu_order":0,"comment_status":"closed","ping_status":"closed","template":"","meta":{"footnotes":""},"_links":{"self":[{"href":"http:\/\/backimonostor.rs\/index.php?rest_route=\/wp\/v2\/pages\/16792"}],"collection":[{"href":"http:\/\/backimonostor.rs\/index.php?rest_route=\/wp\/v2\/pages"}],"about":[{"href":"http:\/\/backimonostor.rs\/index.php?rest_route=\/wp\/v2\/types\/page"}],"author":[{"embeddable":true,"href":"http:\/\/backimonostor.rs\/index.php?rest_route=\/wp\/v2\/users\/1"}],"replies":[{"embeddable":true,"href":"http:\/\/backimonostor.rs\/index.php?rest_route=%2Fwp%2Fv2%2Fcomments&post=16792"}],"version-history":[{"count":7,"href":"http:\/\/backimonostor.rs\/index.php?rest_route=\/wp\/v2\/pages\/16792\/revisions"}],"predecessor-version":[{"id":17096,"href":"http:\/\/backimonostor.rs\/index.php?rest_route=\/wp\/v2\/pages\/16792\/revisions\/17096"}],"wp:attachment":[{"href":"http:\/\/backimonostor.rs\/index.php?rest_route=%2Fwp%2Fv2%2Fmedia&parent=16792"}],"curies":[{"name":"wp","href":"https:\/\/api.w.org\/{rel}","templated":true}]}}