{"id":16734,"date":"2020-09-23T13:42:07","date_gmt":"2020-09-23T13:42:07","guid":{"rendered":"http:\/\/backimonostor.rs\/?page_id=16734"},"modified":"2023-10-02T21:36:13","modified_gmt":"2023-10-02T21:36:13","slug":"kontakt","status":"publish","type":"page","link":"http:\/\/backimonostor.rs\/?page_id=16734","title":{"rendered":"Kontakt"},"content":{"rendered":"<p>\n\n\n<\/p>\n<p>Mesna zajednica Ba\u010dki Mono\u0161tor<\/p>\n<p>\n\n\n<\/p>\n<p>\n\n\n<\/p>\n<p>Ivana Gorana Kova\u010di\u0107a 26<\/p>\n<p>\n\n\n<\/p>\n<p>\n\n\n<\/p>\n<p>Tel: +381 25 807 504<\/p>\n<p>\n\n\n<\/p>\n<p>\n\n\n<\/p>\n<p>E-mail: <a href=\"mailto:mzbmonostor@mts.rs\">mzbmonostor@mts.rs<\/a><\/p>\n<p>\u00a0<\/p>\n<p>\n\n\n<\/p>\n<p>\n\n\n<\/p>\n<p>\n\n\n<\/p>\n<p>\n\n\n<\/p>\n<p>\n\n\n<\/p>\n<p>\n\n\n<\/p>\n<p>Turisti\u010dke informacije<\/p>\n<p>\n\n\n<\/p>\n<p>\n\n\n<\/p>\n<p>Tel: +381 63 89 38 128<\/p>\n<p>\n\n\n<\/p>\n<p>\n\n\n<\/p>\n<p>E-mail: <a href=\"mailto:skituljkoturs@gmail.com\">skituljkoturs@gmail.com<\/a>\u00a0<\/p>\n<p>\n\n\n<\/p>","protected":false},"excerpt":{"rendered":"<p>Mesna zajednica Ba\u010dki Mono\u0161tor Ivana Gorana Kova\u010di\u0107a 26 Tel: +381 25 807 504 E-mail: mzbmonostor@mts.rs \u00a0 Turisti\u010dke informacije Tel: +381 63 89 38 128 E-mail: skituljkoturs@gmail.com\u00a0<\/p>\n","protected":false},"author":1,"featured_media":0,"parent":0,"menu_order":0,"comment_status":"closed","ping_status":"closed","template":"","meta":{"footnotes":""},"_links":{"self":[{"href":"http:\/\/backimonostor.rs\/index.php?rest_route=\/wp\/v2\/pages\/16734"}],"collection":[{"href":"http:\/\/backimonostor.rs\/index.php?rest_route=\/wp\/v2\/pages"}],"about":[{"href":"http:\/\/backimonostor.rs\/index.php?rest_route=\/wp\/v2\/types\/page"}],"author":[{"embeddable":true,"href":"http:\/\/backimonostor.rs\/index.php?rest_route=\/wp\/v2\/users\/1"}],"replies":[{"embeddable":true,"href":"http:\/\/backimonostor.rs\/index.php?rest_route=%2Fwp%2Fv2%2Fcomments&post=16734"}],"version-history":[{"count":9,"href":"http:\/\/backimonostor.rs\/index.php?rest_route=\/wp\/v2\/pages\/16734\/revisions"}],"predecessor-version":[{"id":17080,"href":"http:\/\/backimonostor.rs\/index.php?rest_route=\/wp\/v2\/pages\/16734\/revisions\/17080"}],"wp:attachment":[{"href":"http:\/\/backimonostor.rs\/index.php?rest_route=%2Fwp%2Fv2%2Fmedia&parent=16734"}],"curies":[{"name":"wp","href":"https:\/\/api.w.org\/{rel}","templated":true}]}}