{"id":16720,"date":"2020-09-23T13:05:39","date_gmt":"2020-09-23T13:05:39","guid":{"rendered":"http:\/\/backimonostor.rs\/?page_id=16720"},"modified":"2024-08-26T20:24:56","modified_gmt":"2024-08-26T20:24:56","slug":"glavna","status":"publish","type":"page","link":"http:\/\/backimonostor.rs\/?page_id=16720","title":{"rendered":"Bodrog Fest"},"content":{"rendered":"\n<figure class=\"wp-block-image size-large\"><img loading=\"lazy\" decoding=\"async\" width=\"1024\" height=\"768\" src=\"http:\/\/backimonostor.rs\/wp-content\/uploads\/2024\/08\/452935608_984518687017421_8447608491954363812_n-1024x768.jpg\" alt=\"\" class=\"wp-image-17142\" srcset=\"http:\/\/backimonostor.rs\/wp-content\/uploads\/2024\/08\/452935608_984518687017421_8447608491954363812_n-1024x768.jpg 1024w, http:\/\/backimonostor.rs\/wp-content\/uploads\/2024\/08\/452935608_984518687017421_8447608491954363812_n-300x225.jpg 300w, http:\/\/backimonostor.rs\/wp-content\/uploads\/2024\/08\/452935608_984518687017421_8447608491954363812_n-768x576.jpg 768w, http:\/\/backimonostor.rs\/wp-content\/uploads\/2024\/08\/452935608_984518687017421_8447608491954363812_n-1536x1152.jpg 1536w, http:\/\/backimonostor.rs\/wp-content\/uploads\/2024\/08\/452935608_984518687017421_8447608491954363812_n.jpg 1920w\" sizes=\"(max-width: 1024px) 100vw, 1024px\" \/><\/figure>\n\n\n\n<p><\/p>\n\n\n\n<p>Od 2005. godine, drugog vikenda avgusta odr\u017eava se festival kulture i tradicije Bodrog fest. Zna\u010daj ove manifestacije ogleda se u o\u010duvanju tradicije i kulture, kao i prirodnih bogatstava sela. Osnovna ideja je da se kroz stare zanate, doma\u0107e proizvode, tradicionalna jela, pi\u0107e, obi\u010daje, no\u0161nje, igre i pesme, kao i prirodna bogatstva, ovo selo gostima predstavi kao turisti\u010dka destinacija.<\/p>\n\n\n\n<figure class=\"wp-block-image size-large\"><img loading=\"lazy\" decoding=\"async\" width=\"1024\" height=\"734\" src=\"http:\/\/backimonostor.rs\/wp-content\/uploads\/2020\/12\/MUG_8717-a-n-1024x734.jpg\" alt=\"\" class=\"wp-image-16950\" srcset=\"http:\/\/backimonostor.rs\/wp-content\/uploads\/2020\/12\/MUG_8717-a-n-1024x734.jpg 1024w, http:\/\/backimonostor.rs\/wp-content\/uploads\/2020\/12\/MUG_8717-a-n-300x215.jpg 300w, http:\/\/backimonostor.rs\/wp-content\/uploads\/2020\/12\/MUG_8717-a-n-768x551.jpg 768w, http:\/\/backimonostor.rs\/wp-content\/uploads\/2020\/12\/MUG_8717-a-n-1536x1102.jpg 1536w, http:\/\/backimonostor.rs\/wp-content\/uploads\/2020\/12\/MUG_8717-a-n-2048x1469.jpg 2048w\" sizes=\"(max-width: 1024px) 100vw, 1024px\" \/><\/figure>\n\n\n\n<p>Mnogobrojni gosti tom prilikom mogu da degustiraju tradicionalne gurmanluke na \u010delu sa ribljim paprika\u0161em, perkeltom, pe\u010denom ribom, paprika\u0161em od divlja\u010di, a da ne zaboravimo i \u010duvenu gibanicu sa makom i orasima. Tokom manifestacije, u selu su izlo\u017eeni mnogobrojni proizvodi starih zanata, kao i ostali doma\u0107i proizvodi, karakteristi\u010dni za Ba\u010dki Mono\u0161tor i okolinu. Festival poseti preko 10000 gostiju iz zemlje i inostranstva.<\/p>\n\n\n\n<figure class=\"wp-block-image size-large\"><img loading=\"lazy\" decoding=\"async\" width=\"1024\" height=\"680\" src=\"http:\/\/backimonostor.rs\/wp-content\/uploads\/2021\/07\/DSC_0044-1024x680.jpg\" alt=\"\" class=\"wp-image-17069\" srcset=\"http:\/\/backimonostor.rs\/wp-content\/uploads\/2021\/07\/DSC_0044-1024x680.jpg 1024w, http:\/\/backimonostor.rs\/wp-content\/uploads\/2021\/07\/DSC_0044-300x199.jpg 300w, http:\/\/backimonostor.rs\/wp-content\/uploads\/2021\/07\/DSC_0044-768x510.jpg 768w, http:\/\/backimonostor.rs\/wp-content\/uploads\/2021\/07\/DSC_0044-1536x1020.jpg 1536w, http:\/\/backimonostor.rs\/wp-content\/uploads\/2021\/07\/DSC_0044-2048x1360.jpg 2048w\" sizes=\"(max-width: 1024px) 100vw, 1024px\" \/><\/figure>\n\n\n\n<p>Sa aspekta promocije prirode i Specijalnog rezervata prirode \u201eGornje Podunavlje\u201c, bitno je spomenuti da festival svake godine pose\u0107uju i saradnici iz doma\u0107ih i me\u0111unarodnih organizacija za za\u0161titu prirode kao sto su IUCN, WWF-Fond za prirodu, Pokrajinski zavod za za\u0161titu prirode, Volonterski centar Vojvodine\u2026 Na Bodrog festu prethodnih godina odr\u017eane su sve\u010danosti otkrivanja table Kapija Gornjeg Podunavlja, otkrivanje biste dragom prijatelju i saradniku David Reder-u iz WWF, kao i otkrivanje table IUCN site Green bealt.<\/p>\n\n\n\n<p>Kroz manifestaciju Bodrog fest, organizatori \u2013 Mesna zajednica i seoska udru\u017eenja gra\u0111ana \u2013 UG &#8220;Bodrog&#8221;, Klub sportskih ribolovaca \u201e\u0160aran\u201c, UG za razvoj eko-ruralnog turizma \u201ePodunav\u201c, KUDH \u201eBodrog\u201c, URB \u201eRumunka\u201c, Udru\u017eenje p\u010delara\u2026 su \u017eeleli da predstave sve zastupljene stare zanate, bogatu gastronomiju, obi\u010daje, no\u0161nje, muziku koja je karakteristi\u010dna za Mono\u0161torce.&nbsp;<\/p>\n\n\n\n<p>Prvog dana festivala, organizuje se takmi\u010denje u kuvanju ribljeg paprika\u0161a \u201dBodro\u0161ki kotli\u0107\u201d \u2013uz muziku tambura\u0161a i u\u010de\u0161\u0107e stotinjak takmi\u010dara.<\/p>\n\n\n\n<figure class=\"wp-block-image size-large\"><img loading=\"lazy\" decoding=\"async\" width=\"1024\" height=\"684\" src=\"http:\/\/backimonostor.rs\/wp-content\/uploads\/2020\/12\/Bodrog-fest-Mulic-Goran-1024x684.jpg\" alt=\"\" class=\"wp-image-16944\" srcset=\"http:\/\/backimonostor.rs\/wp-content\/uploads\/2020\/12\/Bodrog-fest-Mulic-Goran-1024x684.jpg 1024w, http:\/\/backimonostor.rs\/wp-content\/uploads\/2020\/12\/Bodrog-fest-Mulic-Goran-300x200.jpg 300w, http:\/\/backimonostor.rs\/wp-content\/uploads\/2020\/12\/Bodrog-fest-Mulic-Goran-768x513.jpg 768w, http:\/\/backimonostor.rs\/wp-content\/uploads\/2020\/12\/Bodrog-fest-Mulic-Goran-1536x1026.jpg 1536w, http:\/\/backimonostor.rs\/wp-content\/uploads\/2020\/12\/Bodrog-fest-Mulic-Goran-2048x1368.jpg 2048w\" sizes=\"(max-width: 1024px) 100vw, 1024px\" \/><\/figure>\n\n\n\n<p>Drugoga dana, manifestacija po\u010dinje programom za decu u parku ispred Centra gra\u0111anskih aktivnosti. Pored toga, otvaraju se i izlo\u017ebe fotografija sa tematikom &nbsp;Specijalnog rezervata prirode \u201eGornje Podunavlje\u201c i ovoga sela, izra\u0111uju se jo\u0161 i skulpture od slame, kao i razli\u010dite aktivnosti sa tematikom prirode koja nas okru\u017euje. Na sve\u010danoj bini u centru sela, odr\u017eava se zvani\u010dno otvaranje manifestacije, sa raportom Josipa \u0110ipanova koji ja\u0161e na konju i raport predaje zvani\u010dniku Grada Sombora, nastupom ma\u017eoretkinja, paradom jaha\u010da i fijakera, nastupom kulturno-umetni\u010dkih dru\u0161tava, recitalima, nastupima horova\u2026 U crkvi Sv. Petra i Pavla, program po\u010dinje u 16 h, gde nastupaju horovi i solisti iz Sombora, Mono\u0161tora, Bilja, Topolja\u2026, a od 18 h kre\u0107e kulturno-umetni\u010dki program sa nastupima kulturno-umetni\u010dkih dru\u0161tava, tokom koga se predstavlja multietni\u010dnost i multinacionalnost \u2013 Romi, Bunjevci, \u0160okci, Srbi, Ma\u0111ari\u2026, recitalima lokalnih pesnika\u2026<\/p>\n\n\n\n<figure class=\"wp-block-image size-large\"><img loading=\"lazy\" decoding=\"async\" width=\"1024\" height=\"682\" src=\"http:\/\/backimonostor.rs\/wp-content\/uploads\/2020\/12\/BF-2013-2-1024x682.jpg\" alt=\"\" class=\"wp-image-16942\" srcset=\"http:\/\/backimonostor.rs\/wp-content\/uploads\/2020\/12\/BF-2013-2-1024x682.jpg 1024w, http:\/\/backimonostor.rs\/wp-content\/uploads\/2020\/12\/BF-2013-2-300x200.jpg 300w, http:\/\/backimonostor.rs\/wp-content\/uploads\/2020\/12\/BF-2013-2-768x512.jpg 768w, http:\/\/backimonostor.rs\/wp-content\/uploads\/2020\/12\/BF-2013-2-1536x1024.jpg 1536w, http:\/\/backimonostor.rs\/wp-content\/uploads\/2020\/12\/BF-2013-2.jpg 2000w\" sizes=\"(max-width: 1024px) 100vw, 1024px\" \/><\/figure>\n\n\n\n<p>U ve\u010dernjim \u010dasovima, sa po\u010detkom u 20h, odr\u017eava se koncert tambura\u0161kih sastava, do sada su nastupali: Zvonko Bogdan, Garavi sokak, Slavonske lole, Garavu\u0161e, Zorule, Tambura\u0161i Janike Bala\u017ea, Ravnica i mnogi drugi. Od 22h \u2013 po\u010dinje program za mlade sa nastupima rock, jazz, reggae bendova ili D. J. \u2013eva.&nbsp;<\/p>\n\n\n\n<p>Naziv festivala je oma\u017e srednjevekovnom gradu Bodrogu na \u010dijem se prostoru nalazi dana\u0161nji Ba\u010dki Mono\u0161tor. Pri\u010da o ovom gradu je obavijena velom tajne, jer nema materijalnih dokaza o njegovom postojanju, osim onih pisanih. Pretpostavka je da je grad nestao u dunavskim talasima, jer se nalazio na samoj njegovoj obali.<\/p>\n\n\n\n<figure class=\"wp-block-embed is-type-video is-provider-youtube wp-block-embed-youtube wp-embed-aspect-16-9 wp-has-aspect-ratio\"><div class=\"wp-block-embed__wrapper\">\n<iframe loading=\"lazy\" title=\"Bodrog Festival 2019\" width=\"640\" height=\"360\" src=\"https:\/\/www.youtube.com\/embed\/6lTi_uaOzWY?start=153&#038;feature=oembed\" frameborder=\"0\" allow=\"accelerometer; autoplay; clipboard-write; encrypted-media; gyroscope; picture-in-picture\" allowfullscreen><\/iframe>\n<\/div><\/figure>\n","protected":false},"excerpt":{"rendered":"<p>Od 2005. godine, drugog vikenda avgusta odr\u017eava se festival kulture i tradicije Bodrog fest. Zna\u010daj ove manifestacije ogleda se u o\u010duvanju tradicije i kulture, kao i prirodnih bogatstava sela. Osnovna ideja je da se kroz stare zanate, doma\u0107e proizvode, tradicionalna jela, pi\u0107e, obi\u010daje, no\u0161nje, igre i pesme, kao i prirodna bogatstva, ovo selo gostima predstavi [&hellip;]<\/p>\n","protected":false},"author":1,"featured_media":0,"parent":0,"menu_order":0,"comment_status":"closed","ping_status":"closed","template":"","meta":{"footnotes":""},"_links":{"self":[{"href":"http:\/\/backimonostor.rs\/index.php?rest_route=\/wp\/v2\/pages\/16720"}],"collection":[{"href":"http:\/\/backimonostor.rs\/index.php?rest_route=\/wp\/v2\/pages"}],"about":[{"href":"http:\/\/backimonostor.rs\/index.php?rest_route=\/wp\/v2\/types\/page"}],"author":[{"embeddable":true,"href":"http:\/\/backimonostor.rs\/index.php?rest_route=\/wp\/v2\/users\/1"}],"replies":[{"embeddable":true,"href":"http:\/\/backimonostor.rs\/index.php?rest_route=%2Fwp%2Fv2%2Fcomments&post=16720"}],"version-history":[{"count":9,"href":"http:\/\/backimonostor.rs\/index.php?rest_route=\/wp\/v2\/pages\/16720\/revisions"}],"predecessor-version":[{"id":17143,"href":"http:\/\/backimonostor.rs\/index.php?rest_route=\/wp\/v2\/pages\/16720\/revisions\/17143"}],"wp:attachment":[{"href":"http:\/\/backimonostor.rs\/index.php?rest_route=%2Fwp%2Fv2%2Fmedia&parent=16720"}],"curies":[{"name":"wp","href":"https:\/\/api.w.org\/{rel}","templated":true}]}}